{"id":12,"date":"2015-12-02T10:52:05","date_gmt":"2015-12-02T10:52:05","guid":{"rendered":"http:\/\/theme-fusion.com\/avada\/university\/?page_id=12"},"modified":"2024-08-02T11:44:47","modified_gmt":"2024-08-02T09:44:47","slug":"lauf-und-walkingtreffs","status":"publish","type":"page","link":"https:\/\/www.teuto-run-and-fun.de\/TRF-2019\/lauf-und-walkingtreffs\/","title":{"rendered":"Lauf- und Walkingtreffen"},"content":{"rendered":"<div id=\"fb-root\"><\/div>\n<div class=\"fusion-fullwidth fullwidth-box fusion-builder-row-1 fusion-flex-container nonhundred-percent-fullwidth non-hundred-percent-height-scrolling\" style=\"--awb-border-radius-top-left:0px;--awb-border-radius-top-right:0px;--awb-border-radius-bottom-right:0px;--awb-border-radius-bottom-left:0px;--awb-flex-wrap:wrap;\" ><div class=\"fusion-builder-row fusion-row fusion-flex-align-items-flex-start fusion-flex-content-wrap\" style=\"max-width:1331.2px;margin-left: calc(-4% \/ 2 );margin-right: calc(-4% \/ 2 );\"><div class=\"fusion-layout-column fusion_builder_column fusion-builder-column-0 fusion_builder_column_2_3 2_3 fusion-flex-column\" style=\"--awb-bg-size:cover;--awb-width-large:66.666666666667%;--awb-margin-top-large:10px;--awb-spacing-right-large:2.88%;--awb-margin-bottom-large:10px;--awb-spacing-left-large:2.88%;--awb-width-medium:66.666666666667%;--awb-spacing-right-medium:2.88%;--awb-spacing-left-medium:2.88%;--awb-width-small:100%;--awb-spacing-right-small:1.92%;--awb-spacing-left-small:1.92%;\"><div class=\"fusion-column-wrapper fusion-column-has-shadow fusion-flex-justify-content-flex-start fusion-content-layout-column\"><div class=\"fusion-text fusion-text-1\"><h2>Unsere Lauf- und Walking Trainingseinheiten<\/h2>\n<\/div><div class=\"fusion-text fusion-text-2\"><p><strong>Wir bieten:<\/strong> Kompetente Laufbetreuung durch erfahrene Trainer in verschiedenen Leistungsklassen.<br \/>\nMit Getr\u00e4nken und Snacks nach dem Laufen beenden wir unsere Trainingseinheiten.<\/p>\n<p>Die <strong>Laufdauer<\/strong> betr\u00e4gt ca. 1 bis 1 1\/2 Stunden. Je nach Absprache auch l\u00e4nger bzw. k\u00fcrzer wenn es eine Anf\u00e4ngergruppe ist.<\/p>\n<p><strong>Treffpunkt<\/strong> f\u00fcr die w\u00f6chentlichen Einheiten ist die Georgstra\u00dfe 15 in Bielefeld (neben der Queller Kirche). Von hier ist es nicht weit bis zum Teutoburger Wald. Die langen Einheiten am Sonntag verlegen wir gerne auch mal nach Herford, Werther oder Bielefeld ab Sch\u00f6ne Aussicht (in die N\u00e4he der Sparrenburg). Besonders in der Vorbereitung zum Hermannslauf.<\/p>\n<p>Der <strong>monatliche Unkostenbeitrag<\/strong> betr\u00e4gt 10 Euro. Ein bindender Vertrag wird nicht geschlossen. Das hei\u00dft, dass ihr jederzeit ohne Angabe von Gr\u00fcnden fern bleiben k\u00f6nnt.<\/p>\n<\/div><div class=\"fusion-text fusion-text-3\" style=\"--awb-text-transform:none;\"><h3><strong>Laufen:<\/strong><\/h3>\n<p><strong>Immer dienstags und donnerstags um 18:30 in der Georgstr. 15, 33649 Bielefeld<\/strong><\/p>\n<h3><strong>Walking:<\/strong><\/h3>\n<p><strong>Dienstags und donnerstags um 18:30 in der Georgstr. 15, 33649 Bielefeld,<br \/>\n<\/strong><\/p>\n<\/div><\/div><\/div><div class=\"fusion-layout-column fusion_builder_column fusion-builder-column-1 fusion_builder_column_1_3 1_3 fusion-flex-column\" style=\"--awb-bg-size:cover;--awb-width-large:33.333333333333%;--awb-margin-top-large:10px;--awb-spacing-right-large:5.76%;--awb-margin-bottom-large:10px;--awb-spacing-left-large:5.76%;--awb-width-medium:33.333333333333%;--awb-spacing-right-medium:5.76%;--awb-spacing-left-medium:5.76%;--awb-width-small:100%;--awb-spacing-right-small:1.92%;--awb-spacing-left-small:1.92%;\"><div class=\"fusion-column-wrapper fusion-column-has-shadow fusion-flex-justify-content-flex-start fusion-content-layout-column\"><div class=\"fusion-image-element \" style=\"--awb-caption-title-font-family:var(--h2_typography-font-family);--awb-caption-title-font-weight:var(--h2_typography-font-weight);--awb-caption-title-font-style:var(--h2_typography-font-style);--awb-caption-title-size:var(--h2_typography-font-size);--awb-caption-title-transform:var(--h2_typography-text-transform);--awb-caption-title-line-height:var(--h2_typography-line-height);--awb-caption-title-letter-spacing:var(--h2_typography-letter-spacing);\"><span class=\" fusion-imageframe imageframe-none imageframe-1 hover-type-none\"><img decoding=\"async\" width=\"1900\" height=\"1425\" alt=\"Die regelm\u00e4\u00dfige Teuto Run &amp; Fun Laufgruppe im Teutoburger Wals\" title=\"Laufen im Teutoburger Wald &#8211; besonders sch\u00f6n im Schnee\" src=\"https:\/\/www.teuto-run-and-fun.de\/TRF-2019\/wp-content\/uploads\/2019\/07\/Slider-HG-2.jpg\" class=\"img-responsive wp-image-11981\" srcset=\"https:\/\/www.teuto-run-and-fun.de\/TRF-2019\/wp-content\/uploads\/2019\/07\/Slider-HG-2-200x150.jpg 200w, https:\/\/www.teuto-run-and-fun.de\/TRF-2019\/wp-content\/uploads\/2019\/07\/Slider-HG-2-400x300.jpg 400w, https:\/\/www.teuto-run-and-fun.de\/TRF-2019\/wp-content\/uploads\/2019\/07\/Slider-HG-2-600x450.jpg 600w, https:\/\/www.teuto-run-and-fun.de\/TRF-2019\/wp-content\/uploads\/2019\/07\/Slider-HG-2-800x600.jpg 800w, https:\/\/www.teuto-run-and-fun.de\/TRF-2019\/wp-content\/uploads\/2019\/07\/Slider-HG-2-1200x900.jpg 1200w, https:\/\/www.teuto-run-and-fun.de\/TRF-2019\/wp-content\/uploads\/2019\/07\/Slider-HG-2.jpg 1900w\" sizes=\"(max-width: 640px) 100vw, 400px\" \/><\/span><\/div><div class=\"fusion-separator fusion-full-width-sep\" style=\"align-self: center;margin-left: auto;margin-right: auto;margin-top:20px;margin-bottom:20px;width:100%;\"><\/div><div ><a class=\"fusion-button button-flat button-medium button-default fusion-button-default button-1 fusion-button-default-span fusion-button-default-type\" style=\"width:calc(100%);\" target=\"_self\" href=\"https:\/\/www.teuto-run-and-fun.de\/TRF-2019\/events\/kategorie\/lauf-und-walking-termine\/\"><span class=\"fusion-button-text awb-button__text awb-button__text--default\">Zu den Terminen<\/span><\/a><\/div><\/div><\/div><\/div><\/div>\n","protected":false},"excerpt":{"rendered":"","protected":false},"author":1,"featured_media":0,"parent":0,"menu_order":0,"comment_status":"closed","ping_status":"closed","template":"100-width.php","meta":{"footnotes":""},"class_list":["post-12","page","type-page","status-publish","hentry"],"yoast_head":"<!-- This site is optimized with the Yoast SEO plugin v26.4 - https:\/\/yoast.com\/wordpress\/plugins\/seo\/ -->\n<title>Lauf- und Walkingtreffen - im Raum Bielefeld, Herford und Werther<\/title>\n<meta name=\"description\" content=\"Wir bieten kompetente Lauf- und Walkingbetreuung durch erfahrene TrainerInnen in verschiedenen Leistungsklassen. Wir laufen und walken in kleinen Gruppen.\" \/>\n<meta name=\"robots\" content=\"index, follow, max-snippet:-1, max-image-preview:large, max-video-preview:-1\" \/>\n<link rel=\"canonical\" href=\"https:\/\/www.teuto-run-and-fun.de\/TRF-2019\/lauf-und-walkingtreffs\/\" \/>\n<meta property=\"og:locale\" content=\"de_DE\" \/>\n<meta property=\"og:type\" content=\"article\" \/>\n<meta property=\"og:title\" content=\"Lauf- und Walkingtreffen - im Raum Bielefeld, Herford und Werther\" \/>\n<meta property=\"og:description\" content=\"Wir bieten kompetente Lauf- und Walkingbetreuung durch erfahrene TrainerInnen in verschiedenen Leistungsklassen. Wir laufen und walken in kleinen Gruppen.\" \/>\n<meta property=\"og:url\" content=\"https:\/\/www.teuto-run-and-fun.de\/TRF-2019\/lauf-und-walkingtreffs\/\" \/>\n<meta property=\"og:site_name\" content=\"Teuto Run &amp; Fun\" \/>\n<meta property=\"article:publisher\" content=\"https:\/\/www.facebook.com\/Teuto-Run-and-Fun-492664144114517\" \/>\n<meta property=\"article:modified_time\" content=\"2024-08-02T09:44:47+00:00\" \/>\n<meta name=\"twitter:card\" content=\"summary_large_image\" \/>\n<meta name=\"twitter:label1\" content=\"Gesch\u00e4tzte Lesezeit\" \/>\n\t<meta name=\"twitter:data1\" content=\"2\u00a0Minuten\" \/>\n<script type=\"application\/ld+json\" class=\"yoast-schema-graph\">{\"@context\":\"https:\/\/schema.org\",\"@graph\":[{\"@type\":\"WebPage\",\"@id\":\"https:\/\/www.teuto-run-and-fun.de\/TRF-2019\/lauf-und-walkingtreffs\/\",\"url\":\"https:\/\/www.teuto-run-and-fun.de\/TRF-2019\/lauf-und-walkingtreffs\/\",\"name\":\"Lauf- und Walkingtreffen - im Raum Bielefeld, Herford und Werther\",\"isPartOf\":{\"@id\":\"https:\/\/www.teuto-run-and-fun.de\/TRF-2019\/#website\"},\"datePublished\":\"2015-12-02T10:52:05+00:00\",\"dateModified\":\"2024-08-02T09:44:47+00:00\",\"description\":\"Wir bieten kompetente Lauf- und Walkingbetreuung durch erfahrene TrainerInnen in verschiedenen Leistungsklassen. Wir laufen und walken in kleinen Gruppen.\",\"breadcrumb\":{\"@id\":\"https:\/\/www.teuto-run-and-fun.de\/TRF-2019\/lauf-und-walkingtreffs\/#breadcrumb\"},\"inLanguage\":\"de\",\"potentialAction\":[{\"@type\":\"ReadAction\",\"target\":[\"https:\/\/www.teuto-run-and-fun.de\/TRF-2019\/lauf-und-walkingtreffs\/\"]}]},{\"@type\":\"BreadcrumbList\",\"@id\":\"https:\/\/www.teuto-run-and-fun.de\/TRF-2019\/lauf-und-walkingtreffs\/#breadcrumb\",\"itemListElement\":[{\"@type\":\"ListItem\",\"position\":1,\"name\":\"Startseite\",\"item\":\"https:\/\/www.teuto-run-and-fun.de\/TRF-2019\/\"},{\"@type\":\"ListItem\",\"position\":2,\"name\":\"Lauf- und Walkingtreffen\"}]},{\"@type\":\"WebSite\",\"@id\":\"https:\/\/www.teuto-run-and-fun.de\/TRF-2019\/#website\",\"url\":\"https:\/\/www.teuto-run-and-fun.de\/TRF-2019\/\",\"name\":\"Teuto Run &amp; Fun\",\"description\":\"Lauf- und Walkingtraining im Teuto \u2013 Laufreisen in ganz Deutschland\",\"publisher\":{\"@id\":\"https:\/\/www.teuto-run-and-fun.de\/TRF-2019\/#organization\"},\"potentialAction\":[{\"@type\":\"SearchAction\",\"target\":{\"@type\":\"EntryPoint\",\"urlTemplate\":\"https:\/\/www.teuto-run-and-fun.de\/TRF-2019\/?s={search_term_string}\"},\"query-input\":{\"@type\":\"PropertyValueSpecification\",\"valueRequired\":true,\"valueName\":\"search_term_string\"}}],\"inLanguage\":\"de\"},{\"@type\":\"Organization\",\"@id\":\"https:\/\/www.teuto-run-and-fun.de\/TRF-2019\/#organization\",\"name\":\"Teuto Run & Fun\",\"url\":\"https:\/\/www.teuto-run-and-fun.de\/TRF-2019\/\",\"logo\":{\"@type\":\"ImageObject\",\"inLanguage\":\"de\",\"@id\":\"https:\/\/www.teuto-run-and-fun.de\/TRF-2019\/#\/schema\/logo\/image\/\",\"url\":\"https:\/\/www.teuto-run-and-fun.de\/TRF-2019\/wp-content\/uploads\/2020\/03\/logo-text-trf.jpg\",\"contentUrl\":\"https:\/\/www.teuto-run-and-fun.de\/TRF-2019\/wp-content\/uploads\/2020\/03\/logo-text-trf.jpg\",\"width\":646,\"height\":581,\"caption\":\"Teuto Run & Fun\"},\"image\":{\"@id\":\"https:\/\/www.teuto-run-and-fun.de\/TRF-2019\/#\/schema\/logo\/image\/\"},\"sameAs\":[\"https:\/\/www.facebook.com\/Teuto-Run-and-Fun-492664144114517\"]}]}<\/script>\n<!-- \/ Yoast SEO plugin. -->","yoast_head_json":{"title":"Lauf- und Walkingtreffen - im Raum Bielefeld, Herford und Werther","description":"Wir bieten kompetente Lauf- und Walkingbetreuung durch erfahrene TrainerInnen in verschiedenen Leistungsklassen. Wir laufen und walken in kleinen Gruppen.","robots":{"index":"index","follow":"follow","max-snippet":"max-snippet:-1","max-image-preview":"max-image-preview:large","max-video-preview":"max-video-preview:-1"},"canonical":"https:\/\/www.teuto-run-and-fun.de\/TRF-2019\/lauf-und-walkingtreffs\/","og_locale":"de_DE","og_type":"article","og_title":"Lauf- und Walkingtreffen - im Raum Bielefeld, Herford und Werther","og_description":"Wir bieten kompetente Lauf- und Walkingbetreuung durch erfahrene TrainerInnen in verschiedenen Leistungsklassen. Wir laufen und walken in kleinen Gruppen.","og_url":"https:\/\/www.teuto-run-and-fun.de\/TRF-2019\/lauf-und-walkingtreffs\/","og_site_name":"Teuto Run &amp; Fun","article_publisher":"https:\/\/www.facebook.com\/Teuto-Run-and-Fun-492664144114517","article_modified_time":"2024-08-02T09:44:47+00:00","twitter_card":"summary_large_image","twitter_misc":{"Gesch\u00e4tzte Lesezeit":"2\u00a0Minuten"},"schema":{"@context":"https:\/\/schema.org","@graph":[{"@type":"WebPage","@id":"https:\/\/www.teuto-run-and-fun.de\/TRF-2019\/lauf-und-walkingtreffs\/","url":"https:\/\/www.teuto-run-and-fun.de\/TRF-2019\/lauf-und-walkingtreffs\/","name":"Lauf- und Walkingtreffen - im Raum Bielefeld, Herford und Werther","isPartOf":{"@id":"https:\/\/www.teuto-run-and-fun.de\/TRF-2019\/#website"},"datePublished":"2015-12-02T10:52:05+00:00","dateModified":"2024-08-02T09:44:47+00:00","description":"Wir bieten kompetente Lauf- und Walkingbetreuung durch erfahrene TrainerInnen in verschiedenen Leistungsklassen. Wir laufen und walken in kleinen Gruppen.","breadcrumb":{"@id":"https:\/\/www.teuto-run-and-fun.de\/TRF-2019\/lauf-und-walkingtreffs\/#breadcrumb"},"inLanguage":"de","potentialAction":[{"@type":"ReadAction","target":["https:\/\/www.teuto-run-and-fun.de\/TRF-2019\/lauf-und-walkingtreffs\/"]}]},{"@type":"BreadcrumbList","@id":"https:\/\/www.teuto-run-and-fun.de\/TRF-2019\/lauf-und-walkingtreffs\/#breadcrumb","itemListElement":[{"@type":"ListItem","position":1,"name":"Startseite","item":"https:\/\/www.teuto-run-and-fun.de\/TRF-2019\/"},{"@type":"ListItem","position":2,"name":"Lauf- und Walkingtreffen"}]},{"@type":"WebSite","@id":"https:\/\/www.teuto-run-and-fun.de\/TRF-2019\/#website","url":"https:\/\/www.teuto-run-and-fun.de\/TRF-2019\/","name":"Teuto Run &amp; Fun","description":"Lauf- und Walkingtraining im Teuto \u2013 Laufreisen in ganz Deutschland","publisher":{"@id":"https:\/\/www.teuto-run-and-fun.de\/TRF-2019\/#organization"},"potentialAction":[{"@type":"SearchAction","target":{"@type":"EntryPoint","urlTemplate":"https:\/\/www.teuto-run-and-fun.de\/TRF-2019\/?s={search_term_string}"},"query-input":{"@type":"PropertyValueSpecification","valueRequired":true,"valueName":"search_term_string"}}],"inLanguage":"de"},{"@type":"Organization","@id":"https:\/\/www.teuto-run-and-fun.de\/TRF-2019\/#organization","name":"Teuto Run & Fun","url":"https:\/\/www.teuto-run-and-fun.de\/TRF-2019\/","logo":{"@type":"ImageObject","inLanguage":"de","@id":"https:\/\/www.teuto-run-and-fun.de\/TRF-2019\/#\/schema\/logo\/image\/","url":"https:\/\/www.teuto-run-and-fun.de\/TRF-2019\/wp-content\/uploads\/2020\/03\/logo-text-trf.jpg","contentUrl":"https:\/\/www.teuto-run-and-fun.de\/TRF-2019\/wp-content\/uploads\/2020\/03\/logo-text-trf.jpg","width":646,"height":581,"caption":"Teuto Run & Fun"},"image":{"@id":"https:\/\/www.teuto-run-and-fun.de\/TRF-2019\/#\/schema\/logo\/image\/"},"sameAs":["https:\/\/www.facebook.com\/Teuto-Run-and-Fun-492664144114517"]}]}},"_links":{"self":[{"href":"https:\/\/www.teuto-run-and-fun.de\/TRF-2019\/wp-json\/wp\/v2\/pages\/12","targetHints":{"allow":["GET"]}}],"collection":[{"href":"https:\/\/www.teuto-run-and-fun.de\/TRF-2019\/wp-json\/wp\/v2\/pages"}],"about":[{"href":"https:\/\/www.teuto-run-and-fun.de\/TRF-2019\/wp-json\/wp\/v2\/types\/page"}],"author":[{"embeddable":true,"href":"https:\/\/www.teuto-run-and-fun.de\/TRF-2019\/wp-json\/wp\/v2\/users\/1"}],"replies":[{"embeddable":true,"href":"https:\/\/www.teuto-run-and-fun.de\/TRF-2019\/wp-json\/wp\/v2\/comments?post=12"}],"version-history":[{"count":52,"href":"https:\/\/www.teuto-run-and-fun.de\/TRF-2019\/wp-json\/wp\/v2\/pages\/12\/revisions"}],"predecessor-version":[{"id":13939,"href":"https:\/\/www.teuto-run-and-fun.de\/TRF-2019\/wp-json\/wp\/v2\/pages\/12\/revisions\/13939"}],"wp:attachment":[{"href":"https:\/\/www.teuto-run-and-fun.de\/TRF-2019\/wp-json\/wp\/v2\/media?parent=12"}],"curies":[{"name":"wp","href":"https:\/\/api.w.org\/{rel}","templated":true}]}}