{"id":22,"date":"2019-07-12T10:52:31","date_gmt":"2019-07-12T08:52:31","guid":{"rendered":"https:\/\/www.teuto-run-and-fun.de\/TRF-2019\/?page_id=22"},"modified":"2022-07-28T11:50:04","modified_gmt":"2022-07-28T09:50:04","slug":"kontakt","status":"publish","type":"page","link":"https:\/\/www.teuto-run-and-fun.de\/TRF-2019\/kontakt\/","title":{"rendered":"Kontakt"},"content":{"rendered":"<div id=\"fb-root\"><\/div>\n<p><div class=\"fusion-fullwidth fullwidth-box fusion-builder-row-1 fusion-flex-container nonhundred-percent-fullwidth non-hundred-percent-height-scrolling\" style=\"--awb-border-radius-top-left:0px;--awb-border-radius-top-right:0px;--awb-border-radius-bottom-right:0px;--awb-border-radius-bottom-left:0px;--awb-flex-wrap:wrap;\" ><div class=\"fusion-builder-row fusion-row fusion-flex-align-items-flex-start fusion-flex-content-wrap\" style=\"max-width:1331.2px;margin-left: calc(-4% \/ 2 );margin-right: calc(-4% \/ 2 );\"><div class=\"fusion-layout-column fusion_builder_column fusion-builder-column-0 fusion_builder_column_1_1 1_1 fusion-flex-column\" style=\"--awb-bg-size:cover;--awb-width-large:100%;--awb-margin-top-large:10px;--awb-spacing-right-large:1.92%;--awb-margin-bottom-large:10px;--awb-spacing-left-large:1.92%;--awb-width-medium:100%;--awb-spacing-right-medium:1.92%;--awb-spacing-left-medium:1.92%;--awb-width-small:100%;--awb-spacing-right-small:1.92%;--awb-spacing-left-small:1.92%;\"><div class=\"fusion-column-wrapper fusion-column-has-shadow fusion-flex-justify-content-flex-start fusion-content-layout-column\"><div class=\"fusion-text fusion-text-1\"><h2>Kontakt und Anmeldung<\/h2>\n<\/div><\/div><\/div><\/div><\/div><div class=\"fusion-fullwidth fullwidth-box fusion-builder-row-2 fusion-flex-container nonhundred-percent-fullwidth non-hundred-percent-height-scrolling\" style=\"--awb-border-radius-top-left:0px;--awb-border-radius-top-right:0px;--awb-border-radius-bottom-right:0px;--awb-border-radius-bottom-left:0px;--awb-flex-wrap:wrap;\" ><div class=\"fusion-builder-row fusion-row fusion-flex-align-items-flex-start fusion-flex-content-wrap\" style=\"max-width:1331.2px;margin-left: calc(-4% \/ 2 );margin-right: calc(-4% \/ 2 );\"><div class=\"fusion-layout-column fusion_builder_column fusion-builder-column-1 fusion_builder_column_3_4 3_4 fusion-flex-column\" style=\"--awb-bg-size:cover;--awb-width-large:75%;--awb-margin-top-large:10px;--awb-spacing-right-large:2.56%;--awb-margin-bottom-large:10px;--awb-spacing-left-large:2.56%;--awb-width-medium:75%;--awb-spacing-right-medium:2.56%;--awb-spacing-left-medium:2.56%;--awb-width-small:100%;--awb-spacing-right-small:1.92%;--awb-spacing-left-small:1.92%;\"><div class=\"fusion-column-wrapper fusion-column-has-shadow fusion-flex-justify-content-flex-start fusion-content-layout-column\"><div class=\"fusion-text fusion-text-2\"><p>\u00dcber dieses Formular kannst Du Dich zu Lauf- und Walkingtreffs sowie zu den Laufreisen anmelden. Oder auch einfach nur eine Nachricht senden.<\/p>\n<\/div><div class=\"fusion-text fusion-text-3\">\n<div class=\"wpcf7 no-js\" id=\"wpcf7-f13438-o1\" lang=\"de-DE\" dir=\"ltr\" data-wpcf7-id=\"13438\">\n<div class=\"screen-reader-response\"><p role=\"status\" aria-live=\"polite\" aria-atomic=\"true\"><\/p> <ul><\/ul><\/div>\n<form action=\"\/TRF-2019\/wp-json\/wp\/v2\/pages\/22#wpcf7-f13438-o1\" method=\"post\" class=\"wpcf7-form init\" aria-label=\"Kontaktformular\" novalidate=\"novalidate\" data-status=\"init\">\n<fieldset class=\"hidden-fields-container\"><input type=\"hidden\" name=\"_wpcf7\" value=\"13438\" \/><input type=\"hidden\" name=\"_wpcf7_version\" value=\"6.1.3\" \/><input type=\"hidden\" name=\"_wpcf7_locale\" value=\"de_DE\" \/><input type=\"hidden\" name=\"_wpcf7_unit_tag\" value=\"wpcf7-f13438-o1\" \/><input type=\"hidden\" name=\"_wpcf7_container_post\" value=\"0\" \/><input type=\"hidden\" name=\"_wpcf7_posted_data_hash\" value=\"\" \/>\n<\/fieldset>\n<p><label class=\"vormane\"> Dein Vorname*<br \/>\n<span class=\"wpcf7-form-control-wrap\" data-name=\"vorname\"><input size=\"40\" maxlength=\"400\" class=\"wpcf7-form-control wpcf7-text wpcf7-validates-as-required\" aria-required=\"true\" aria-invalid=\"false\" value=\"\" type=\"text\" name=\"vorname\" \/><\/span><br \/>\n<\/label><br \/>\n<label class=\"vormane\"> Dein Nachname*<br \/>\n<span class=\"wpcf7-form-control-wrap\" data-name=\"nachname\"><input size=\"40\" maxlength=\"400\" class=\"wpcf7-form-control wpcf7-text wpcf7-validates-as-required\" aria-required=\"true\" aria-invalid=\"false\" value=\"\" type=\"text\" name=\"nachname\" \/><\/span><br \/>\n<\/label><br \/>\n<label> Deine E-Mail-Adresse*<br \/>\n<span class=\"wpcf7-form-control-wrap\" data-name=\"your-email\"><input size=\"40\" maxlength=\"400\" class=\"wpcf7-form-control wpcf7-email wpcf7-validates-as-required wpcf7-text wpcf7-validates-as-email\" aria-required=\"true\" aria-invalid=\"false\" value=\"\" type=\"email\" name=\"your-email\" \/><\/span> <\/label>\n<\/p>\n<lable> Deine Telefonnummer*\n\t<p><span class=\"wpcf7-form-control-wrap\" data-name=\"tel-175\"><input size=\"40\" maxlength=\"400\" class=\"wpcf7-form-control wpcf7-tel wpcf7-validates-as-required wpcf7-text wpcf7-validates-as-tel\" aria-required=\"true\" aria-invalid=\"false\" value=\"\" type=\"tel\" name=\"tel-175\" \/><\/span>\n\t<\/p>\n\t<p><label> Betreff<br \/>\n<span class=\"wpcf7-form-control-wrap\" data-name=\"your-subject\"><input size=\"40\" maxlength=\"400\" class=\"wpcf7-form-control wpcf7-text wpcf7-validates-as-required\" aria-required=\"true\" aria-invalid=\"false\" value=\"\" type=\"text\" name=\"your-subject\" \/><\/span> <\/label>\n\t<\/p>\n\t<p><label> Deine Nachricht (optional)<br \/>\n<span class=\"wpcf7-form-control-wrap\" data-name=\"your-message\"><textarea cols=\"40\" rows=\"10\" maxlength=\"2000\" class=\"wpcf7-form-control wpcf7-textarea\" aria-invalid=\"false\" name=\"your-message\"><\/textarea><\/span> <\/label>\n\t<\/p>\n\t<p><span class=\"wpcf7-form-control-wrap\" data-name=\"zustimmung\"><span class=\"wpcf7-form-control wpcf7-acceptance\"><span class=\"wpcf7-list-item\"><label><input type=\"checkbox\" name=\"zustimmung\" value=\"1\" aria-invalid=\"false\" \/><span class=\"wpcf7-list-item-label\">Ich habe die <a href=\"https:\/\/www.teuto-run-and-fun.de\/TRF-2019\/datenschutz\/\" target=\"_blank\">Datenschutzhinsweise<\/a> gelesen und akzeptiere sie<\/span><\/label><\/span><\/span><\/span>\n\t<\/p>\n\t<p><label> Sicherheitsabfrage: <\/label><br \/>\n<span class=\"wpcf7-form-control-wrap\" data-name=\"quiz-879\"><label><span class=\"wpcf7-quiz-label\">Was folgt auf W,X,Y?<\/span> <input size=\"40\" class=\"wpcf7-form-control wpcf7-quiz\" autocomplete=\"off\" aria-required=\"true\" aria-invalid=\"false\" type=\"text\" name=\"quiz-879\" \/><\/label><input type=\"hidden\" name=\"_wpcf7_quiz_answer_quiz-879\" value=\"5c29cf206217b998e677774f603603db\" \/><\/span>\n\t<\/p>\n\t<p><input class=\"wpcf7-form-control wpcf7-submit has-spinner\" type=\"submit\" value=\"Senden\" \/>\n\t<\/p>\n<\/lable><div class=\"fusion-alert alert custom alert-custom fusion-alert-center wpcf7-response-output fusion-alert-capitalize awb-alert-native-link-color alert-dismissable awb-alert-close-boxed\" style=\"--awb-border-top-left-radius:0px;--awb-border-top-right-radius:0px;--awb-border-bottom-left-radius:0px;--awb-border-bottom-right-radius:0px;\" role=\"alert\"><div class=\"fusion-alert-content-wrapper\"><span class=\"fusion-alert-content\"><\/span><\/div><button type=\"button\" class=\"close toggle-alert\" data-dismiss=\"alert\" aria-label=\"Close\">&times;<\/button><\/div>\n<\/form>\n<\/div>\n\n<\/div><\/div><\/div><div class=\"fusion-layout-column fusion_builder_column fusion-builder-column-2 fusion_builder_column_1_4 1_4 fusion-flex-column\" style=\"--awb-bg-size:cover;--awb-width-large:25%;--awb-margin-top-large:10px;--awb-spacing-right-large:7.68%;--awb-margin-bottom-large:10px;--awb-spacing-left-large:7.68%;--awb-width-medium:25%;--awb-spacing-right-medium:7.68%;--awb-spacing-left-medium:7.68%;--awb-width-small:100%;--awb-spacing-right-small:1.92%;--awb-spacing-left-small:1.92%;\"><div class=\"fusion-column-wrapper fusion-column-has-shadow fusion-flex-justify-content-flex-start fusion-content-layout-column\"><div class=\"fusion-text fusion-text-4\"><p>Gerne auch per Telefon oder \u00fcber die <a href=\"https:\/\/www.teuto-run-and-fun.de\/TRF-2019\/ausschreibungen-zu-lauffahrten-und-lauftrainings\/\">Ausschreibungs-PDFs<\/a> per Post.<\/p>\n<p>Sonja + Detlef Kley<br \/>\nGeorgstra\u00dfe 15<br \/>\n33649 Bielefeld<\/p>\n<p class=\"phone\">Telefon: 0521 9467402<br \/>\nMobil: 0172 5667191<\/p>\n<p class=\"phone\"><a href=\"mailto:info@teuto-run-and-fun.de\">info@teuto-run-and-fun.de<\/a><\/p>\n<\/div><\/div><\/div><\/div><\/div><\/p>\n","protected":false},"excerpt":{"rendered":"","protected":false},"author":1,"featured_media":0,"parent":0,"menu_order":0,"comment_status":"closed","ping_status":"closed","template":"100-width.php","meta":{"footnotes":""},"class_list":["post-22","page","type-page","status-publish","hentry"],"yoast_head":"<!-- This site is optimized with the Yoast SEO plugin v26.4 - https:\/\/yoast.com\/wordpress\/plugins\/seo\/ -->\n<title>Kontakt und Anmeldung zu Laufreisen und regelm\u00e4\u00dfigen Trainings<\/title>\n<meta name=\"description\" content=\"\u00dcber dieses Formular kannst Du Dich zu Lauf- und Walkingtreffs in Bielefeld sowie zu unseren Laufreisen in Deutschland und den Niederlanden anmelden.\" \/>\n<meta name=\"robots\" content=\"index, follow, max-snippet:-1, max-image-preview:large, max-video-preview:-1\" \/>\n<link rel=\"canonical\" href=\"https:\/\/www.teuto-run-and-fun.de\/TRF-2019\/kontakt\/\" \/>\n<meta property=\"og:locale\" content=\"de_DE\" \/>\n<meta property=\"og:type\" content=\"article\" \/>\n<meta property=\"og:title\" content=\"Kontakt und Anmeldung zu Laufreisen und regelm\u00e4\u00dfigen Trainings\" \/>\n<meta property=\"og:description\" content=\"\u00dcber dieses Formular kannst Du Dich zu Lauf- und Walkingtreffs in Bielefeld sowie zu unseren Laufreisen in Deutschland und den Niederlanden anmelden.\" \/>\n<meta property=\"og:url\" content=\"https:\/\/www.teuto-run-and-fun.de\/TRF-2019\/kontakt\/\" \/>\n<meta property=\"og:site_name\" content=\"Teuto Run &amp; Fun\" \/>\n<meta property=\"article:publisher\" content=\"https:\/\/www.facebook.com\/Teuto-Run-and-Fun-492664144114517\" \/>\n<meta property=\"article:modified_time\" content=\"2022-07-28T09:50:04+00:00\" \/>\n<meta name=\"twitter:card\" content=\"summary_large_image\" \/>\n<meta name=\"twitter:label1\" content=\"Gesch\u00e4tzte Lesezeit\" \/>\n\t<meta name=\"twitter:data1\" content=\"2\u00a0Minuten\" \/>\n<script type=\"application\/ld+json\" class=\"yoast-schema-graph\">{\"@context\":\"https:\/\/schema.org\",\"@graph\":[{\"@type\":\"WebPage\",\"@id\":\"https:\/\/www.teuto-run-and-fun.de\/TRF-2019\/kontakt\/\",\"url\":\"https:\/\/www.teuto-run-and-fun.de\/TRF-2019\/kontakt\/\",\"name\":\"Kontakt und Anmeldung zu Laufreisen und regelm\u00e4\u00dfigen Trainings\",\"isPartOf\":{\"@id\":\"https:\/\/www.teuto-run-and-fun.de\/TRF-2019\/#website\"},\"datePublished\":\"2019-07-12T08:52:31+00:00\",\"dateModified\":\"2022-07-28T09:50:04+00:00\",\"description\":\"\u00dcber dieses Formular kannst Du Dich zu Lauf- und Walkingtreffs in Bielefeld sowie zu unseren Laufreisen in Deutschland und den Niederlanden anmelden.\",\"breadcrumb\":{\"@id\":\"https:\/\/www.teuto-run-and-fun.de\/TRF-2019\/kontakt\/#breadcrumb\"},\"inLanguage\":\"de\",\"potentialAction\":[{\"@type\":\"ReadAction\",\"target\":[\"https:\/\/www.teuto-run-and-fun.de\/TRF-2019\/kontakt\/\"]}]},{\"@type\":\"BreadcrumbList\",\"@id\":\"https:\/\/www.teuto-run-and-fun.de\/TRF-2019\/kontakt\/#breadcrumb\",\"itemListElement\":[{\"@type\":\"ListItem\",\"position\":1,\"name\":\"Startseite\",\"item\":\"https:\/\/www.teuto-run-and-fun.de\/TRF-2019\/\"},{\"@type\":\"ListItem\",\"position\":2,\"name\":\"Kontakt\"}]},{\"@type\":\"WebSite\",\"@id\":\"https:\/\/www.teuto-run-and-fun.de\/TRF-2019\/#website\",\"url\":\"https:\/\/www.teuto-run-and-fun.de\/TRF-2019\/\",\"name\":\"Teuto Run &amp; Fun\",\"description\":\"Lauf- und Walkingtraining im Teuto \u2013 Laufreisen in ganz Deutschland\",\"publisher\":{\"@id\":\"https:\/\/www.teuto-run-and-fun.de\/TRF-2019\/#organization\"},\"potentialAction\":[{\"@type\":\"SearchAction\",\"target\":{\"@type\":\"EntryPoint\",\"urlTemplate\":\"https:\/\/www.teuto-run-and-fun.de\/TRF-2019\/?s={search_term_string}\"},\"query-input\":{\"@type\":\"PropertyValueSpecification\",\"valueRequired\":true,\"valueName\":\"search_term_string\"}}],\"inLanguage\":\"de\"},{\"@type\":\"Organization\",\"@id\":\"https:\/\/www.teuto-run-and-fun.de\/TRF-2019\/#organization\",\"name\":\"Teuto Run & Fun\",\"url\":\"https:\/\/www.teuto-run-and-fun.de\/TRF-2019\/\",\"logo\":{\"@type\":\"ImageObject\",\"inLanguage\":\"de\",\"@id\":\"https:\/\/www.teuto-run-and-fun.de\/TRF-2019\/#\/schema\/logo\/image\/\",\"url\":\"https:\/\/www.teuto-run-and-fun.de\/TRF-2019\/wp-content\/uploads\/2020\/03\/logo-text-trf.jpg\",\"contentUrl\":\"https:\/\/www.teuto-run-and-fun.de\/TRF-2019\/wp-content\/uploads\/2020\/03\/logo-text-trf.jpg\",\"width\":646,\"height\":581,\"caption\":\"Teuto Run & Fun\"},\"image\":{\"@id\":\"https:\/\/www.teuto-run-and-fun.de\/TRF-2019\/#\/schema\/logo\/image\/\"},\"sameAs\":[\"https:\/\/www.facebook.com\/Teuto-Run-and-Fun-492664144114517\"]}]}<\/script>\n<!-- \/ Yoast SEO plugin. -->","yoast_head_json":{"title":"Kontakt und Anmeldung zu Laufreisen und regelm\u00e4\u00dfigen Trainings","description":"\u00dcber dieses Formular kannst Du Dich zu Lauf- und Walkingtreffs in Bielefeld sowie zu unseren Laufreisen in Deutschland und den Niederlanden anmelden.","robots":{"index":"index","follow":"follow","max-snippet":"max-snippet:-1","max-image-preview":"max-image-preview:large","max-video-preview":"max-video-preview:-1"},"canonical":"https:\/\/www.teuto-run-and-fun.de\/TRF-2019\/kontakt\/","og_locale":"de_DE","og_type":"article","og_title":"Kontakt und Anmeldung zu Laufreisen und regelm\u00e4\u00dfigen Trainings","og_description":"\u00dcber dieses Formular kannst Du Dich zu Lauf- und Walkingtreffs in Bielefeld sowie zu unseren Laufreisen in Deutschland und den Niederlanden anmelden.","og_url":"https:\/\/www.teuto-run-and-fun.de\/TRF-2019\/kontakt\/","og_site_name":"Teuto Run &amp; Fun","article_publisher":"https:\/\/www.facebook.com\/Teuto-Run-and-Fun-492664144114517","article_modified_time":"2022-07-28T09:50:04+00:00","twitter_card":"summary_large_image","twitter_misc":{"Gesch\u00e4tzte Lesezeit":"2\u00a0Minuten"},"schema":{"@context":"https:\/\/schema.org","@graph":[{"@type":"WebPage","@id":"https:\/\/www.teuto-run-and-fun.de\/TRF-2019\/kontakt\/","url":"https:\/\/www.teuto-run-and-fun.de\/TRF-2019\/kontakt\/","name":"Kontakt und Anmeldung zu Laufreisen und regelm\u00e4\u00dfigen Trainings","isPartOf":{"@id":"https:\/\/www.teuto-run-and-fun.de\/TRF-2019\/#website"},"datePublished":"2019-07-12T08:52:31+00:00","dateModified":"2022-07-28T09:50:04+00:00","description":"\u00dcber dieses Formular kannst Du Dich zu Lauf- und Walkingtreffs in Bielefeld sowie zu unseren Laufreisen in Deutschland und den Niederlanden anmelden.","breadcrumb":{"@id":"https:\/\/www.teuto-run-and-fun.de\/TRF-2019\/kontakt\/#breadcrumb"},"inLanguage":"de","potentialAction":[{"@type":"ReadAction","target":["https:\/\/www.teuto-run-and-fun.de\/TRF-2019\/kontakt\/"]}]},{"@type":"BreadcrumbList","@id":"https:\/\/www.teuto-run-and-fun.de\/TRF-2019\/kontakt\/#breadcrumb","itemListElement":[{"@type":"ListItem","position":1,"name":"Startseite","item":"https:\/\/www.teuto-run-and-fun.de\/TRF-2019\/"},{"@type":"ListItem","position":2,"name":"Kontakt"}]},{"@type":"WebSite","@id":"https:\/\/www.teuto-run-and-fun.de\/TRF-2019\/#website","url":"https:\/\/www.teuto-run-and-fun.de\/TRF-2019\/","name":"Teuto Run &amp; Fun","description":"Lauf- und Walkingtraining im Teuto \u2013 Laufreisen in ganz Deutschland","publisher":{"@id":"https:\/\/www.teuto-run-and-fun.de\/TRF-2019\/#organization"},"potentialAction":[{"@type":"SearchAction","target":{"@type":"EntryPoint","urlTemplate":"https:\/\/www.teuto-run-and-fun.de\/TRF-2019\/?s={search_term_string}"},"query-input":{"@type":"PropertyValueSpecification","valueRequired":true,"valueName":"search_term_string"}}],"inLanguage":"de"},{"@type":"Organization","@id":"https:\/\/www.teuto-run-and-fun.de\/TRF-2019\/#organization","name":"Teuto Run & Fun","url":"https:\/\/www.teuto-run-and-fun.de\/TRF-2019\/","logo":{"@type":"ImageObject","inLanguage":"de","@id":"https:\/\/www.teuto-run-and-fun.de\/TRF-2019\/#\/schema\/logo\/image\/","url":"https:\/\/www.teuto-run-and-fun.de\/TRF-2019\/wp-content\/uploads\/2020\/03\/logo-text-trf.jpg","contentUrl":"https:\/\/www.teuto-run-and-fun.de\/TRF-2019\/wp-content\/uploads\/2020\/03\/logo-text-trf.jpg","width":646,"height":581,"caption":"Teuto Run & Fun"},"image":{"@id":"https:\/\/www.teuto-run-and-fun.de\/TRF-2019\/#\/schema\/logo\/image\/"},"sameAs":["https:\/\/www.facebook.com\/Teuto-Run-and-Fun-492664144114517"]}]}},"_links":{"self":[{"href":"https:\/\/www.teuto-run-and-fun.de\/TRF-2019\/wp-json\/wp\/v2\/pages\/22","targetHints":{"allow":["GET"]}}],"collection":[{"href":"https:\/\/www.teuto-run-and-fun.de\/TRF-2019\/wp-json\/wp\/v2\/pages"}],"about":[{"href":"https:\/\/www.teuto-run-and-fun.de\/TRF-2019\/wp-json\/wp\/v2\/types\/page"}],"author":[{"embeddable":true,"href":"https:\/\/www.teuto-run-and-fun.de\/TRF-2019\/wp-json\/wp\/v2\/users\/1"}],"replies":[{"embeddable":true,"href":"https:\/\/www.teuto-run-and-fun.de\/TRF-2019\/wp-json\/wp\/v2\/comments?post=22"}],"version-history":[{"count":16,"href":"https:\/\/www.teuto-run-and-fun.de\/TRF-2019\/wp-json\/wp\/v2\/pages\/22\/revisions"}],"predecessor-version":[{"id":13443,"href":"https:\/\/www.teuto-run-and-fun.de\/TRF-2019\/wp-json\/wp\/v2\/pages\/22\/revisions\/13443"}],"wp:attachment":[{"href":"https:\/\/www.teuto-run-and-fun.de\/TRF-2019\/wp-json\/wp\/v2\/media?parent=22"}],"curies":[{"name":"wp","href":"https:\/\/api.w.org\/{rel}","templated":true}]}}